{"id":389,"date":"2026-03-24T16:40:42","date_gmt":"2026-03-24T16:40:42","guid":{"rendered":"https:\/\/www.nytron-solutions.com\/?page_id=389"},"modified":"2026-03-24T16:56:42","modified_gmt":"2026-03-24T16:56:42","slug":"impressum","status":"publish","type":"page","link":"https:\/\/www.nytron-solutions.com\/en\/impressum\/","title":{"rendered":"Impressum"},"content":{"rendered":"<div data-elementor-type=\"wp-page\" data-elementor-id=\"389\" class=\"elementor elementor-389\">\n\t\t\t\t<div class=\"elementor-element elementor-element-89ea856 e-flex e-con-boxed e-con e-parent\" data-id=\"89ea856\" data-element_type=\"container\" data-e-type=\"container\">\n\t\t\t\t\t<div class=\"e-con-inner\">\n\t\t\t\t<div class=\"elementor-element elementor-element-0f68628 elementor-widget elementor-widget-spacer\" data-id=\"0f68628\" data-element_type=\"widget\" data-e-type=\"widget\" data-widget_type=\"spacer.default\">\n\t\t\t\t\t\t\t<div class=\"elementor-spacer\">\n\t\t\t<div class=\"elementor-spacer-inner\"><\/div>\n\t\t<\/div>\n\t\t\t\t\t\t<\/div>\n\t\t\t\t\t<\/div>\n\t\t\t\t<\/div>\n\t\t<div class=\"elementor-element elementor-element-34c8d32 e-flex e-con-boxed e-con e-parent\" data-id=\"34c8d32\" data-element_type=\"container\" data-e-type=\"container\">\n\t\t\t\t\t<div class=\"e-con-inner\">\n\t\t\t\t<div class=\"elementor-element elementor-element-9e6cdb8 elementor-widget elementor-widget-heading\" data-id=\"9e6cdb8\" data-element_type=\"widget\" data-e-type=\"widget\" data-widget_type=\"heading.default\">\n\t\t\t\t\t<h2 class=\"elementor-heading-title elementor-size-default\">Impressum<\/h2>\t\t\t\t<\/div>\n\t\t\t\t\t<\/div>\n\t\t\t\t<\/div>\n\t\t<div class=\"elementor-element elementor-element-02392fe e-flex e-con-boxed e-con e-parent\" data-id=\"02392fe\" data-element_type=\"container\" data-e-type=\"container\">\n\t\t\t\t\t<div class=\"e-con-inner\">\n\t\t\t\t<div class=\"elementor-element elementor-element-3e9fa9d elementor-widget elementor-widget-text-editor\" data-id=\"3e9fa9d\" data-element_type=\"widget\" data-e-type=\"widget\" data-widget_type=\"text-editor.default\">\n\t\t\t\t\t\t\t\t\t<h3><strong data-start=\"103\" data-end=\"128\">Angaben gem\u00e4\u00df \u00a7 5 TMG<\/strong><\/h3><h3>Nytron<br data-start=\"146\" data-end=\"149\" \/>Seyit K\u00fcc\u00fckelci<br data-start=\"164\" data-end=\"167\" \/>Im Dietner 21<br data-start=\"180\" data-end=\"183\" \/>72631 Aichtal<br data-start=\"196\" data-end=\"199\" \/>Deutschland<\/h3><h3>Contact us<\/h3><h3>Telefon: 0176 60406818<br data-start=\"248\" data-end=\"251\" \/>E-Mail: <a rel=\"noopener\" data-start=\"259\" data-end=\"282\">IT@Nytron-Solutions.com<\/a><\/h3><h3>Verantwortlich f\u00fcr den Inhalt nach \u00a7 18 Abs. 2 MStV<\/h3><h3>Seyit K\u00fcc\u00fckelci<br data-start=\"357\" data-end=\"360\" \/>Im Dietner 21<br data-start=\"373\" data-end=\"376\" \/>72631 Aichtal<br data-start=\"389\" data-end=\"392\" \/>Deutschland<\/h3><h3>Umsatzsteuer-ID<\/h3><h3>Umsatzsteuer-Identifikationsnummer gem\u00e4\u00df \u00a7 27 a Umsatzsteuergesetz:<br data-start=\"494\" data-end=\"497\" \/>Nicht vorhanden<\/h3><hr data-start=\"514\" data-end=\"517\" \/><h3>Haftung f\u00fcr Inhalte<\/h3><h3>Als Diensteanbieter sind wir gem\u00e4\u00df \u00a7 7 Abs. 1 TMG f\u00fcr eigene Inhalte auf diesen Seiten nach den allgemeinen Gesetzen verantwortlich. Nach \u00a7\u00a7 8 bis 10 TMG sind wir als Diensteanbieter jedoch nicht verpflichtet, \u00fcbermittelte oder gespeicherte fremde Informationen zu \u00fcberwachen oder nach Umst\u00e4nden zu forschen, die auf eine rechtswidrige T\u00e4tigkeit hinweisen.<\/h3><h3>Verpflichtungen zur Entfernung oder Sperrung der Nutzung von Informationen nach den allgemeinen Gesetzen bleiben hiervon unber\u00fchrt. Eine diesbez\u00fcgliche Haftung ist jedoch erst ab dem Zeitpunkt der Kenntnis einer konkreten Rechtsverletzung m\u00f6glich. Bei Bekanntwerden von entsprechenden Rechtsverletzungen werden wir diese Inhalte umgehend entfernen.<\/h3><h3>Haftung f\u00fcr Links<\/h3><h3>Unsere Website enth\u00e4lt Links zu externen Websites Dritter, auf deren Inhalte wir keinen Einfluss haben. Deshalb k\u00f6nnen wir f\u00fcr diese fremden Inhalte auch keine Gew\u00e4hr \u00fcbernehmen. F\u00fcr die Inhalte der verlinkten Seiten ist stets der jeweilige Anbieter oder Betreiber der Seiten verantwortlich. Zum Zeitpunkt der Verlinkung waren keine rechtswidrigen Inhalte erkennbar. Eine permanente inhaltliche Kontrolle der verlinkten Seiten ist jedoch ohne konkrete Anhaltspunkte einer Rechtsverletzung nicht zumutbar. Bei Bekanntwerden von Rechtsverletzungen werden wir derartige Links umgehend entfernen.<\/h3><h3>Urheberrecht<\/h3><h3>Die durch den Seitenbetreiber erstellten Inhalte und Werke auf dieser Website unterliegen dem deutschen Urheberrecht. Die Vervielf\u00e4ltigung, Bearbeitung, Verbreitung und jede Art der Verwertung au\u00dferhalb der Grenzen des Urheberrechts bed\u00fcrfen der schriftlichen Zustimmung des jeweiligen Autors bzw. Erstellers. Downloads und Kopien dieser Seite sind nur f\u00fcr den privaten, nicht kommerziellen Gebrauch gestattet, soweit nicht anders angegeben.<\/h3><h3>Soweit die Inhalte auf dieser Seite nicht vom Betreiber erstellt wurden, werden die Urheberrechte Dritter beachtet. Sollten Sie trotzdem auf eine Urheberrechtsverletzung aufmerksam werden, bitten wir um einen entsprechenden Hinweis. Bei Bekanntwerden von Rechtsverletzungen werden wir derartige Inhalte umgehend entfernen.<br \/><br \/><br \/><\/h3><h3>Datenschutzerkl\u00e4rung<\/h3><h3 style=\"color: #000000; font-style: normal; font-variant-ligatures: normal; font-variant-caps: normal;\" data-section-id=\"193ry35\" data-start=\"149\" data-end=\"174\">1. Allgemeine Hinweise<\/h3><h3 style=\"color: #000000; font-size: medium; font-style: normal; font-variant-ligatures: normal; font-variant-caps: normal; font-weight: 400;\" data-start=\"176\" data-end=\"400\">Der Schutz Ihrer pers\u00f6nlichen Daten ist uns ein besonderes Anliegen. Wir behandeln Ihre personenbezogenen Daten vertraulich und entsprechend der gesetzlichen Datenschutzvorschriften (DSGVO) sowie dieser Datenschutzerkl\u00e4rung.<\/h3><hr style=\"font-size: medium; font-weight: 400;\" data-start=\"402\" data-end=\"405\" \/><h3 style=\"color: #000000; font-style: normal; font-variant-ligatures: normal; font-variant-caps: normal;\" data-section-id=\"1co7opw\" data-start=\"407\" data-end=\"429\">2. Verantwortlicher<\/h3><h3 style=\"color: #000000; font-size: medium; font-style: normal; font-variant-ligatures: normal; font-variant-caps: normal; font-weight: 400;\" data-start=\"431\" data-end=\"513\">Nytron Solutions<br data-start=\"447\" data-end=\"450\" \/>Seyit K\u00fcc\u00fckelci<br data-start=\"465\" data-end=\"468\" \/>Im Dietner 21<br data-start=\"481\" data-end=\"484\" \/>72631 Aichtal<br data-start=\"497\" data-end=\"500\" \/>Deutschland<\/h3><h3 style=\"color: #000000; font-size: medium; font-style: normal; font-variant-ligatures: normal; font-variant-caps: normal; font-weight: 400;\" data-start=\"515\" data-end=\"573\">E-Mail: <a rel=\"noopener\" data-start=\"523\" data-end=\"546\">IT@Nytron-Solutions.com<\/a><br data-start=\"546\" data-end=\"549\" \/>Telefon: 0176 60406818<\/h3><hr style=\"font-size: medium; font-weight: 400;\" data-start=\"575\" data-end=\"578\" \/><h3 style=\"color: #000000; font-style: normal; font-variant-ligatures: normal; font-variant-caps: normal;\" data-section-id=\"9qig9k\" data-start=\"580\" data-end=\"593\">3. Hosting<\/h3><h3 style=\"color: #000000; font-size: medium; font-style: normal; font-variant-ligatures: normal; font-variant-caps: normal; font-weight: 400;\" data-start=\"595\" data-end=\"647\">Unsere Website wird bei folgendem Anbieter gehostet:<\/h3><h3 style=\"color: #000000; font-size: medium; font-style: normal; font-variant-ligatures: normal; font-variant-caps: normal; font-weight: 400;\" data-start=\"649\" data-end=\"722\">united-domains AG<br data-start=\"666\" data-end=\"669\" \/>Gautinger Stra\u00dfe 10<br data-start=\"688\" data-end=\"691\" \/>82319 Starnberg<br data-start=\"706\" data-end=\"709\" \/>Deutschland<\/h3><h3 style=\"color: #000000; font-size: medium; font-style: normal; font-variant-ligatures: normal; font-variant-caps: normal; font-weight: 400;\" data-start=\"724\" data-end=\"829\">Beim Besuch unserer Website werden durch den Hostinganbieter automatisch Daten erfasst (Server-Logfiles):<\/h3><ul style=\"color: #000000; font-size: medium; font-style: normal; font-variant-ligatures: normal; font-variant-caps: normal; font-weight: 400;\" data-start=\"831\" data-end=\"938\"><li data-section-id=\"1h0uk97\" data-start=\"831\" data-end=\"845\"><h3>IP-Adresse<\/h3><\/li><li data-section-id=\"1mtcs1o\" data-start=\"846\" data-end=\"872\"><h3>Browsertyp und Version<\/h3><\/li><li data-section-id=\"kiy1ht\" data-start=\"873\" data-end=\"891\"><h3>Betriebssystem<\/h3><\/li><li data-section-id=\"anwpz4\" data-start=\"892\" data-end=\"908\"><h3>Referrer URL<\/h3><\/li><li data-section-id=\"6is6x7\" data-start=\"909\" data-end=\"938\"><h3>Uhrzeit der Serveranfrage<\/h3><\/li><\/ul><h3 style=\"color: #000000; font-size: medium; font-style: normal; font-variant-ligatures: normal; font-variant-caps: normal; font-weight: 400;\" data-start=\"940\" data-end=\"1066\">Diese Daten sind technisch erforderlich, um die Website korrekt anzuzeigen und die Stabilit\u00e4t und Sicherheit zu gew\u00e4hrleisten.<\/h3><hr style=\"font-size: medium; font-weight: 400;\" data-start=\"1068\" data-end=\"1071\" \/><h3 style=\"color: #000000; font-style: normal; font-variant-ligatures: normal; font-variant-caps: normal;\" data-section-id=\"tt3e2w\" data-start=\"1073\" data-end=\"1116\">4. Content-Management-System (WordPress)<\/h3><h3 style=\"color: #000000; font-size: medium; font-style: normal; font-variant-ligatures: normal; font-variant-caps: normal; font-weight: 400;\" data-start=\"1118\" data-end=\"1286\">Unsere Website nutzt das Content-Management-System WordPress. Dabei werden technisch notwendige Cookies gesetzt, um grundlegende Funktionen der Website sicherzustellen.<\/h3><hr style=\"font-size: medium; font-weight: 400;\" data-start=\"1288\" data-end=\"1291\" \/><h3 style=\"color: #000000; font-style: normal; font-variant-ligatures: normal; font-variant-caps: normal;\" data-section-id=\"ua3ale\" data-start=\"1293\" data-end=\"1314\">5. Kontaktformular<\/h3><h3 style=\"color: #000000; font-size: medium; font-style: normal; font-variant-ligatures: normal; font-variant-caps: normal; font-weight: 400;\" data-start=\"1316\" data-end=\"1464\">Wenn Sie uns \u00fcber das Kontaktformular kontaktieren, werden Ihre Angaben (Name, E-Mail-Adresse, Nachricht) zur Bearbeitung Ihrer Anfrage gespeichert.<\/h3><h3 style=\"color: #000000; font-size: medium; font-style: normal; font-variant-ligatures: normal; font-variant-caps: normal; font-weight: 400;\" data-start=\"1466\" data-end=\"1528\">Diese Daten werden nicht ohne Ihre Einwilligung weitergegeben.<\/h3><hr style=\"font-size: medium; font-weight: 400;\" data-start=\"1530\" data-end=\"1533\" \/><h3 style=\"color: #000000; font-style: normal; font-variant-ligatures: normal; font-variant-caps: normal;\" data-section-id=\"tydf3e\" data-start=\"1535\" data-end=\"1548\">6. Cookies<\/h3><h3 style=\"color: #000000; font-size: medium; font-style: normal; font-variant-ligatures: normal; font-variant-caps: normal; font-weight: 400;\" data-start=\"1550\" data-end=\"1659\">Unsere Website verwendet Cookies. Cookies sind kleine Textdateien, die auf Ihrem Endger\u00e4t gespeichert werden.<\/h3><h3 style=\"color: #000000; font-size: medium; font-style: normal; font-variant-ligatures: normal; font-variant-caps: normal; font-weight: 400;\" data-start=\"1661\" data-end=\"1795\">Sie k\u00f6nnen Ihren Browser so einstellen, dass Sie \u00fcber das Setzen von Cookies informiert werden und Cookies nur im Einzelfall erlauben.<\/h3><hr style=\"font-size: medium; font-weight: 400;\" data-start=\"1797\" data-end=\"1800\" \/><h3 style=\"color: #000000; font-style: normal; font-variant-ligatures: normal; font-variant-caps: normal;\" data-section-id=\"mqh6tk\" data-start=\"1802\" data-end=\"1832\">7. SSL-\/TLS-Verschl\u00fcsselung<\/h3><h3 style=\"color: #000000; font-size: medium; font-style: normal; font-variant-ligatures: normal; font-variant-caps: normal; font-weight: 400;\" data-start=\"1834\" data-end=\"1957\">Diese Website nutzt aus Sicherheitsgr\u00fcnden eine SSL- bzw. TLS-Verschl\u00fcsselung. Dadurch werden \u00fcbermittelte Daten gesch\u00fctzt.<\/h3><hr style=\"font-size: medium; font-weight: 400;\" data-start=\"1959\" data-end=\"1962\" \/><h3 style=\"color: #000000; font-style: normal; font-variant-ligatures: normal; font-variant-caps: normal;\" data-section-id=\"1c7cx60\" data-start=\"1964\" data-end=\"1981\">8. Ihre Rechte<\/h3><h3 style=\"color: #000000; font-size: medium; font-style: normal; font-variant-ligatures: normal; font-variant-caps: normal; font-weight: 400;\" data-start=\"1983\" data-end=\"2017\">Sie haben jederzeit das Recht auf:<\/h3><ul style=\"color: #000000; font-size: medium; font-style: normal; font-variant-ligatures: normal; font-variant-caps: normal; font-weight: 400;\" data-start=\"2019\" data-end=\"2231\"><li data-section-id=\"1letppf\" data-start=\"2019\" data-end=\"2077\"><h3>Auskunft \u00fcber Ihre gespeicherten Daten (Art. 15 DSGVO)<\/h3><\/li><li data-section-id=\"133tz7j\" data-start=\"2078\" data-end=\"2110\"><h3>Berichtigung (Art. 16 DSGVO)<\/h3><\/li><li data-section-id=\"185ldrl\" data-start=\"2111\" data-end=\"2139\"><h3>L\u00f6schung (Art. 17 DSGVO)<\/h3><\/li><li data-section-id=\"1irgdbm\" data-start=\"2140\" data-end=\"2190\"><h3>Einschr\u00e4nkung der Verarbeitung (Art. 18 DSGVO)<\/h3><\/li><li data-section-id=\"1rxfph6\" data-start=\"2191\" data-end=\"2231\"><h3>Daten\u00fcbertragbarkeit (Art. 20 DSGVO)<\/h3><\/li><\/ul><hr style=\"font-size: medium; font-weight: 400;\" data-start=\"2233\" data-end=\"2236\" \/><h3 style=\"color: #000000; font-style: normal; font-variant-ligatures: normal; font-variant-caps: normal;\" data-section-id=\"k2dm11\" data-start=\"2238\" data-end=\"2258\">9. Widerrufsrecht<\/h3><h3 style=\"color: #000000; font-size: medium; font-style: normal; font-variant-ligatures: normal; font-variant-caps: normal; font-weight: 400;\" data-start=\"2260\" data-end=\"2327\">Sie k\u00f6nnen eine bereits erteilte Einwilligung jederzeit widerrufen.<\/h3><hr style=\"font-size: medium; font-weight: 400;\" data-start=\"2329\" data-end=\"2332\" \/><h3 style=\"color: #000000; font-style: normal; font-variant-ligatures: normal; font-variant-caps: normal;\" data-section-id=\"rn9hrw\" data-start=\"2334\" data-end=\"2356\">10. Beschwerderecht<\/h3><h3 style=\"color: #000000; font-size: medium; font-style: normal; font-variant-ligatures: normal; font-variant-caps: normal; font-weight: 400;\" data-start=\"2358\" data-end=\"2436\">Sie haben das Recht, sich bei einer Datenschutzaufsichtsbeh\u00f6rde zu beschweren.<\/h3>\t\t\t\t\t\t\t\t<\/div>\n\t\t\t\t\t<\/div>\n\t\t\t\t<\/div>\n\t\t\t\t<\/div>","protected":false},"excerpt":{"rendered":"<p>Impressum Angaben gem\u00e4\u00df \u00a7 5 TMG NytronSeyit K\u00fcc\u00fckelciIm Dietner 2172631 AichtalDeutschland Kontakt Telefon: 0176 60406818E-Mail: IT@Nytron-Solutions.com Verantwortlich f\u00fcr den Inhalt nach \u00a7 18 Abs. 2 MStV Seyit K\u00fcc\u00fckelciIm Dietner 2172631 AichtalDeutschland Umsatzsteuer-ID Umsatzsteuer-Identifikationsnummer gem\u00e4\u00df \u00a7 27 a Umsatzsteuergesetz:Nicht vorhanden Haftung f\u00fcr Inhalte Als Diensteanbieter sind wir gem\u00e4\u00df \u00a7 7 Abs. 1 TMG f\u00fcr eigene Inhalte [&hellip;]<\/p>\n","protected":false},"author":1,"featured_media":0,"parent":0,"menu_order":0,"comment_status":"closed","ping_status":"closed","template":"","meta":{"ocean_post_layout":"full-screen","ocean_both_sidebars_style":"","ocean_both_sidebars_content_width":0,"ocean_both_sidebars_sidebars_width":0,"ocean_sidebar":"","ocean_second_sidebar":"","ocean_disable_margins":"enable","ocean_add_body_class":"","ocean_shortcode_before_top_bar":"","ocean_shortcode_after_top_bar":"","ocean_shortcode_before_header":"","ocean_shortcode_after_header":"","ocean_has_shortcode":"","ocean_shortcode_after_title":"","ocean_shortcode_before_footer_widgets":"","ocean_shortcode_after_footer_widgets":"","ocean_shortcode_before_footer_bottom":"","ocean_shortcode_after_footer_bottom":"","ocean_display_top_bar":"off","ocean_display_header":"default","ocean_header_style":"","ocean_center_header_left_menu":"","ocean_custom_header_template":"","ocean_custom_logo":0,"ocean_custom_retina_logo":0,"ocean_custom_logo_max_width":0,"ocean_custom_logo_tablet_max_width":0,"ocean_custom_logo_mobile_max_width":0,"ocean_custom_logo_max_height":0,"ocean_custom_logo_tablet_max_height":0,"ocean_custom_logo_mobile_max_height":0,"ocean_header_custom_menu":"","ocean_menu_typo_font_family":"","ocean_menu_typo_font_subset":"","ocean_menu_typo_font_size":0,"ocean_menu_typo_font_size_tablet":0,"ocean_menu_typo_font_size_mobile":0,"ocean_menu_typo_font_size_unit":"px","ocean_menu_typo_font_weight":"","ocean_menu_typo_font_weight_tablet":"","ocean_menu_typo_font_weight_mobile":"","ocean_menu_typo_transform":"","ocean_menu_typo_transform_tablet":"","ocean_menu_typo_transform_mobile":"","ocean_menu_typo_line_height":0,"ocean_menu_typo_line_height_tablet":0,"ocean_menu_typo_line_height_mobile":0,"ocean_menu_typo_line_height_unit":"","ocean_menu_typo_spacing":0,"ocean_menu_typo_spacing_tablet":0,"ocean_menu_typo_spacing_mobile":0,"ocean_menu_typo_spacing_unit":"","ocean_menu_link_color":"","ocean_menu_link_color_hover":"","ocean_menu_link_color_active":"","ocean_menu_link_background":"","ocean_menu_link_hover_background":"","ocean_menu_link_active_background":"","ocean_menu_social_links_bg":"","ocean_menu_social_hover_links_bg":"","ocean_menu_social_links_color":"","ocean_menu_social_hover_links_color":"","ocean_disable_title":"on","ocean_disable_heading":"default","ocean_post_title":"","ocean_post_subheading":"","ocean_post_title_style":"","ocean_post_title_background_color":"","ocean_post_title_background":0,"ocean_post_title_bg_image_position":"","ocean_post_title_bg_image_attachment":"","ocean_post_title_bg_image_repeat":"","ocean_post_title_bg_image_size":"","ocean_post_title_height":0,"ocean_post_title_bg_overlay":0.5,"ocean_post_title_bg_overlay_color":"","ocean_disable_breadcrumbs":"default","ocean_breadcrumbs_color":"","ocean_breadcrumbs_separator_color":"","ocean_breadcrumbs_links_color":"","ocean_breadcrumbs_links_hover_color":"","ocean_display_footer_widgets":"on","ocean_display_footer_bottom":"off","ocean_custom_footer_template":"","footnotes":""},"class_list":["post-389","page","type-page","status-publish","hentry","entry"],"_links":{"self":[{"href":"https:\/\/www.nytron-solutions.com\/en\/wp-json\/wp\/v2\/pages\/389","targetHints":{"allow":["GET"]}}],"collection":[{"href":"https:\/\/www.nytron-solutions.com\/en\/wp-json\/wp\/v2\/pages"}],"about":[{"href":"https:\/\/www.nytron-solutions.com\/en\/wp-json\/wp\/v2\/types\/page"}],"author":[{"embeddable":true,"href":"https:\/\/www.nytron-solutions.com\/en\/wp-json\/wp\/v2\/users\/1"}],"replies":[{"embeddable":true,"href":"https:\/\/www.nytron-solutions.com\/en\/wp-json\/wp\/v2\/comments?post=389"}],"version-history":[{"count":5,"href":"https:\/\/www.nytron-solutions.com\/en\/wp-json\/wp\/v2\/pages\/389\/revisions"}],"predecessor-version":[{"id":395,"href":"https:\/\/www.nytron-solutions.com\/en\/wp-json\/wp\/v2\/pages\/389\/revisions\/395"}],"wp:attachment":[{"href":"https:\/\/www.nytron-solutions.com\/en\/wp-json\/wp\/v2\/media?parent=389"}],"curies":[{"name":"wp","href":"https:\/\/api.w.org\/{rel}","templated":true}]}}